{"id":3,"date":"2018-12-06T21:36:13","date_gmt":"2018-12-06T20:36:13","guid":{"rendered":"http:\/\/larocque-yachting.com\/?page_id=3"},"modified":"2018-12-22T01:52:43","modified_gmt":"2018-12-22T00:52:43","slug":"politique-de-confidentialite","status":"publish","type":"page","link":"https:\/\/larocque-yachting.com\/fr\/politique-de-confidentialite\/","title":{"rendered":"Politique de confidentialit\u00e9"},"content":{"rendered":"<div class=\"wpb-content-wrapper\"><p>[vc_row css_animation=\u00a0\u00bb\u00a0\u00bb row_type=\u00a0\u00bbrow\u00a0\u00bb use_row_as_full_screen_section=\u00a0\u00bbno\u00a0\u00bb type=\u00a0\u00bbfull_width\u00a0\u00bb angled_section=\u00a0\u00bbno\u00a0\u00bb text_align=\u00a0\u00bbleft\u00a0\u00bb background_image_as_pattern=\u00a0\u00bbwithout_pattern\u00a0\u00bb][vc_column][vc_column_text]<\/p>\n<h1>Politique mod\u00e8le de confidentialit\u00e9.<\/h1>\n<p><strong>Introduction<\/strong><br \/>\nDevant le d\u00e9veloppement des nouveaux outils de communication, il est n\u00e9cessaire de porter une attention particuli\u00e8re \u00e0 la protection de la vie priv\u00e9e.<br \/>\nC&rsquo;est pourquoi, nous nous engageons \u00e0 respecter la confidentialit\u00e9 des renseignements personnels que nous collectons.<\/p>\n<hr \/>\n<h2>Collecte des renseignements personnels<\/h2>\n<p>Nous collectons les renseignements suivants :<\/p>\n<ul>\n<li>Nom<\/li>\n<li>Pr\u00e9nom<\/li>\n<li>Adresse \u00e9lectronique<\/li>\n<li>Num\u00e9ro de t\u00e9l\u00e9phone \/ t\u00e9l\u00e9copieur<\/li>\n<\/ul>\n<p>Les renseignements personnels que nous collectons sont recueillis au travers de formulaires et gr\u00e2ce \u00e0<br \/>\nl&rsquo;interactivit\u00e9 \u00e9tablie entre vous et notre site Web.<br \/>\nNous utilisons \u00e9galement, comme indiqu\u00e9 dans la section suivante, des fichiers t\u00e9moins et\/ou journaux<br \/>\npour r\u00e9unir des informations vous concernant.<\/p>\n<hr \/>\n<h2>Formulaires\u00a0 et interactivit\u00e9:<\/h2>\n<p>Vos renseignements personnels sont collect\u00e9s par le biais de formulaire, \u00e0 savoir :<\/p>\n<p>Nous utilisons les renseignements ainsi collect\u00e9s pour les finalit\u00e9s suivantes :<\/p>\n<ul>\n<li>Statistiques<\/li>\n<li>Contact<\/li>\n<li>Gestion du site Web (pr\u00e9sentation, organisation)<\/li>\n<\/ul>\n<p>Vos renseignements sont \u00e9galement collect\u00e9s par le biais de l&rsquo;interactivit\u00e9 pouvant s&rsquo;\u00e9tablir entre vous et notre site Web et ce, de la fa\u00e7on suivante:<\/p>\n<ul>\n<li>Statistiques<\/li>\n<li>Contact<\/li>\n<li>Gestion du site Web (pr\u00e9sentation, organisation)<\/li>\n<\/ul>\n<p>Nous utilisons les renseignements ainsi collect\u00e9s pour les finalit\u00e9s suivantes :<\/p>\n<ul>\n<li>Informations ou pour des offres promotionnelles<\/li>\n<\/ul>\n<hr \/>\n<h2>Droit d&rsquo;opposition et de retrait<\/h2>\n<p>Nous nous engageons \u00e0 vous offrir un droit d&rsquo;opposition et de retrait quant \u00e0 vos renseignements personnels.<br \/>\nLe droit d&rsquo;opposition s&rsquo;entend comme \u00e9tant la possiblit\u00e9 offerte aux internautes de refuser que leurs renseignements<br \/>\npersonnels soient utilis\u00e9es \u00e0 certaines fins mentionn\u00e9es lors de la collecte.<\/p>\n<p>Le droit de retrait s&rsquo;entend comme \u00e9tant la possiblit\u00e9 offerte aux internautes de demander \u00e0 ce que leurs<br \/>\nrenseignements personnels ne figurent plus, par exemple, dans une liste de diffusion.<\/p>\n<p>Pour pouvoir exercer ces droits, vous pouvez :<br \/>\nCode postal : 31 quai Marillac \u2013 Zone Artizanale des Minimes , La Rochelle 17000<br \/>\nCourriel : contact@larocque-yachting.com<br \/>\nT\u00e9l\u00e9phone : 05 46 52 34 65<br \/>\nSection du site web : www.larocque-yachting.com\/<\/p>\n<hr \/>\n<h2>Droit d&rsquo;acc\u00e8s<\/h2>\n<p>Nous nous engageons \u00e0 reconna\u00eetre un droit d&rsquo;acc\u00e8s et de rectification aux personnes<br \/>\nconcern\u00e9es d\u00e9sireuses de consulter, modifier, voire radier les informations les concernant.<\/p>\n<p>L&rsquo;exercice de ce droit se fera :<br \/>\nCode postal : 31 quai Marillac \u2013 Zone Artizanale des Minimes , La Rochelle 17000<br \/>\nCourriel : contact@larocque-yachting.com<br \/>\nT\u00e9l\u00e9phone : 05 46 52 34 65<br \/>\nSection du site web : www.larocque-yachting.com\/<\/p>\n<hr \/>\n<h2>S\u00e9curit\u00e9<\/h2>\n<p>Les renseignements personnels que nous collectons sont conserv\u00e9s<br \/>\ndans un environnement s\u00e9curis\u00e9. Les personnes travaillant pour nous sont tenues de respecter la confidentialit\u00e9 de vos informations.<br \/>\nPour assurer la s\u00e9curit\u00e9 de vos renseignements personnels, nous avons recours aux mesures suivantes :<\/p>\n<ul>\n<li>Protocole SSL (Secure Sockets Layer)<\/li>\n<li>Gestion des acc\u00e8s &#8211; personne autoris\u00e9e<\/li>\n<li>Gestion des acc\u00e8s &#8211; personne concern\u00e9e<\/li>\n<li>Logiciel de surveillance du r\u00e9seau<\/li>\n<li>Sauvegarde informatique<\/li>\n<li>D\u00e9veloppement de certificat num\u00e9rique<\/li>\n<li>Identifiant \/ mot de passe<\/li>\n<li>Pare-feu (Firewalls)<\/li>\n<\/ul>\n<p>Nous nous engageons \u00e0 maintenir un haut degr\u00e9 de confidentialit\u00e9 en int\u00e9grant les derni\u00e8res innovations technologiques permettant d&rsquo;assurer<br \/>\nla confidentialit\u00e9 de vos transactions. Toutefois, comme aucun m\u00e9canisme n&rsquo;offre une s\u00e9curit\u00e9 maximale, une part de risque est toujours pr\u00e9sente<br \/>\nlorsque l&rsquo;on utilise Internet pour transmettre des renseignements personnels.<\/p>\n<hr \/>\n<h2>L\u00e9gislation<\/h2>\n<p>Nous nous engageons \u00e0 respecter les dispositions l\u00e9gislatives \u00e9nonc\u00e9es dans :<\/p>\n<p>CNIL<\/p>\n<p>[\/vc_column_text][vc_empty_space height=\u00a0\u00bb60px\u00a0\u00bb][\/vc_column][\/vc_row]<\/p>\n<\/div>","protected":false},"excerpt":{"rendered":"<p>[vc_row css_animation=\u00a0\u00bb\u00a0\u00bb row_type=\u00a0\u00bbrow\u00a0\u00bb use_row_as_full_screen_section=\u00a0\u00bbno\u00a0\u00bb type=\u00a0\u00bbfull_width\u00a0\u00bb angled_section=\u00a0\u00bbno\u00a0\u00bb text_align=\u00a0\u00bbleft\u00a0\u00bb background_image_as_pattern=\u00a0\u00bbwithout_pattern\u00a0\u00bb][vc_column][vc_column_text] Politique mod\u00e8le de confidentialit\u00e9. Introduction Devant le d\u00e9veloppement des nouveaux outils de communication, il est n\u00e9cessaire de porter une attention particuli\u00e8re \u00e0 la protection de la vie priv\u00e9e. C&rsquo;est pourquoi, nous nous engageons \u00e0 respecter la confidentialit\u00e9&#8230;<\/p>\n","protected":false},"author":1,"featured_media":0,"parent":0,"menu_order":0,"comment_status":"closed","ping_status":"open","template":"","meta":{"_acf_changed":false,"footnotes":""},"class_list":["post-3","page","type-page","status-publish","hentry"],"acf":[],"yoast_head":"<!-- This site is optimized with the Yoast SEO plugin v27.2 - https:\/\/yoast.com\/product\/yoast-seo-wordpress\/ -->\n<title>Politique de confidentialit\u00e9 | Larocque Yachting<\/title>\n<meta name=\"robots\" content=\"index, follow, max-snippet:-1, max-image-preview:large, max-video-preview:-1\" \/>\n<link rel=\"canonical\" href=\"https:\/\/larocque-yachting.com\/fr\/politique-de-confidentialite\/\" \/>\n<meta property=\"og:locale\" content=\"fr_FR\" \/>\n<meta property=\"og:type\" content=\"article\" \/>\n<meta property=\"og:title\" content=\"Politique de confidentialit\u00e9 | Larocque Yachting\" \/>\n<meta property=\"og:description\" content=\"[vc_row css_animation=\u00a0\u00bb\u00a0\u00bb row_type=\u00a0\u00bbrow\u00a0\u00bb use_row_as_full_screen_section=\u00a0\u00bbno\u00a0\u00bb type=\u00a0\u00bbfull_width\u00a0\u00bb angled_section=\u00a0\u00bbno\u00a0\u00bb text_align=\u00a0\u00bbleft\u00a0\u00bb background_image_as_pattern=\u00a0\u00bbwithout_pattern\u00a0\u00bb][vc_column][vc_column_text] Politique mod\u00e8le de confidentialit\u00e9. Introduction Devant le d\u00e9veloppement des nouveaux outils de communication, il est n\u00e9cessaire de porter une attention particuli\u00e8re \u00e0 la protection de la vie priv\u00e9e. C&rsquo;est pourquoi, nous nous engageons \u00e0 respecter la confidentialit\u00e9...\" \/>\n<meta property=\"og:url\" content=\"https:\/\/larocque-yachting.com\/fr\/politique-de-confidentialite\/\" \/>\n<meta property=\"og:site_name\" content=\"Larocque Yachting\" \/>\n<meta property=\"article:publisher\" content=\"https:\/\/fr-fr.facebook.com\/LAROCQUEYACHTING\/\" \/>\n<meta property=\"article:modified_time\" content=\"2018-12-22T00:52:43+00:00\" \/>\n<meta name=\"twitter:card\" content=\"summary_large_image\" \/>\n<meta name=\"twitter:label1\" content=\"Dur\u00e9e de lecture estim\u00e9e\" \/>\n\t<meta name=\"twitter:data1\" content=\"3 minutes\" \/>\n<script type=\"application\/ld+json\" class=\"yoast-schema-graph\">{\"@context\":\"https:\/\/schema.org\",\"@graph\":[{\"@type\":\"WebPage\",\"@id\":\"https:\/\/larocque-yachting.com\/fr\/politique-de-confidentialite\/\",\"url\":\"https:\/\/larocque-yachting.com\/fr\/politique-de-confidentialite\/\",\"name\":\"Politique de confidentialit\u00e9 | Larocque Yachting\",\"isPartOf\":{\"@id\":\"https:\/\/larocque-yachting.com\/fr\/#website\"},\"datePublished\":\"2018-12-06T20:36:13+00:00\",\"dateModified\":\"2018-12-22T00:52:43+00:00\",\"breadcrumb\":{\"@id\":\"https:\/\/larocque-yachting.com\/fr\/politique-de-confidentialite\/#breadcrumb\"},\"inLanguage\":\"fr-FR\",\"potentialAction\":[{\"@type\":\"ReadAction\",\"target\":[\"https:\/\/larocque-yachting.com\/fr\/politique-de-confidentialite\/\"]}]},{\"@type\":\"BreadcrumbList\",\"@id\":\"https:\/\/larocque-yachting.com\/fr\/politique-de-confidentialite\/#breadcrumb\",\"itemListElement\":[{\"@type\":\"ListItem\",\"position\":1,\"name\":\"Accueil\",\"item\":\"https:\/\/larocque-yachting.com\/fr\/\"},{\"@type\":\"ListItem\",\"position\":2,\"name\":\"Politique de confidentialit\u00e9\"}]},{\"@type\":\"WebSite\",\"@id\":\"https:\/\/larocque-yachting.com\/fr\/#website\",\"url\":\"https:\/\/larocque-yachting.com\/fr\/\",\"name\":\"Larocque Yachting\",\"description\":\"Soci\u00e9t\u00e9 de courtage de bateaux de plaisances situ\u00e9e sur le port des Minimes \u00e0 La Rochelle.\",\"publisher\":{\"@id\":\"https:\/\/larocque-yachting.com\/fr\/#organization\"},\"potentialAction\":[{\"@type\":\"SearchAction\",\"target\":{\"@type\":\"EntryPoint\",\"urlTemplate\":\"https:\/\/larocque-yachting.com\/fr\/?s={search_term_string}\"},\"query-input\":{\"@type\":\"PropertyValueSpecification\",\"valueRequired\":true,\"valueName\":\"search_term_string\"}}],\"inLanguage\":\"fr-FR\"},{\"@type\":\"Organization\",\"@id\":\"https:\/\/larocque-yachting.com\/fr\/#organization\",\"name\":\"Larocque Yachting\",\"url\":\"https:\/\/larocque-yachting.com\/fr\/\",\"logo\":{\"@type\":\"ImageObject\",\"inLanguage\":\"fr-FR\",\"@id\":\"https:\/\/larocque-yachting.com\/fr\/#\/schema\/logo\/image\/\",\"url\":\"https:\/\/larocque-yachting.com\/wp-content\/uploads\/2018\/04\/logo-larocque-yachting-courtage-footer.png\",\"contentUrl\":\"https:\/\/larocque-yachting.com\/wp-content\/uploads\/2018\/04\/logo-larocque-yachting-courtage-footer.png\",\"width\":90,\"height\":106,\"caption\":\"Larocque Yachting\"},\"image\":{\"@id\":\"https:\/\/larocque-yachting.com\/fr\/#\/schema\/logo\/image\/\"},\"sameAs\":[\"https:\/\/fr-fr.facebook.com\/LAROCQUEYACHTING\/\"]}]}<\/script>\n<!-- \/ Yoast SEO plugin. -->","yoast_head_json":{"title":"Politique de confidentialit\u00e9 | Larocque Yachting","robots":{"index":"index","follow":"follow","max-snippet":"max-snippet:-1","max-image-preview":"max-image-preview:large","max-video-preview":"max-video-preview:-1"},"canonical":"https:\/\/larocque-yachting.com\/fr\/politique-de-confidentialite\/","og_locale":"fr_FR","og_type":"article","og_title":"Politique de confidentialit\u00e9 | Larocque Yachting","og_description":"[vc_row css_animation=\u00a0\u00bb\u00a0\u00bb row_type=\u00a0\u00bbrow\u00a0\u00bb use_row_as_full_screen_section=\u00a0\u00bbno\u00a0\u00bb type=\u00a0\u00bbfull_width\u00a0\u00bb angled_section=\u00a0\u00bbno\u00a0\u00bb text_align=\u00a0\u00bbleft\u00a0\u00bb background_image_as_pattern=\u00a0\u00bbwithout_pattern\u00a0\u00bb][vc_column][vc_column_text] Politique mod\u00e8le de confidentialit\u00e9. Introduction Devant le d\u00e9veloppement des nouveaux outils de communication, il est n\u00e9cessaire de porter une attention particuli\u00e8re \u00e0 la protection de la vie priv\u00e9e. C&rsquo;est pourquoi, nous nous engageons \u00e0 respecter la confidentialit\u00e9...","og_url":"https:\/\/larocque-yachting.com\/fr\/politique-de-confidentialite\/","og_site_name":"Larocque Yachting","article_publisher":"https:\/\/fr-fr.facebook.com\/LAROCQUEYACHTING\/","article_modified_time":"2018-12-22T00:52:43+00:00","twitter_card":"summary_large_image","twitter_misc":{"Dur\u00e9e de lecture estim\u00e9e":"3 minutes"},"schema":{"@context":"https:\/\/schema.org","@graph":[{"@type":"WebPage","@id":"https:\/\/larocque-yachting.com\/fr\/politique-de-confidentialite\/","url":"https:\/\/larocque-yachting.com\/fr\/politique-de-confidentialite\/","name":"Politique de confidentialit\u00e9 | Larocque Yachting","isPartOf":{"@id":"https:\/\/larocque-yachting.com\/fr\/#website"},"datePublished":"2018-12-06T20:36:13+00:00","dateModified":"2018-12-22T00:52:43+00:00","breadcrumb":{"@id":"https:\/\/larocque-yachting.com\/fr\/politique-de-confidentialite\/#breadcrumb"},"inLanguage":"fr-FR","potentialAction":[{"@type":"ReadAction","target":["https:\/\/larocque-yachting.com\/fr\/politique-de-confidentialite\/"]}]},{"@type":"BreadcrumbList","@id":"https:\/\/larocque-yachting.com\/fr\/politique-de-confidentialite\/#breadcrumb","itemListElement":[{"@type":"ListItem","position":1,"name":"Accueil","item":"https:\/\/larocque-yachting.com\/fr\/"},{"@type":"ListItem","position":2,"name":"Politique de confidentialit\u00e9"}]},{"@type":"WebSite","@id":"https:\/\/larocque-yachting.com\/fr\/#website","url":"https:\/\/larocque-yachting.com\/fr\/","name":"Larocque Yachting","description":"Soci\u00e9t\u00e9 de courtage de bateaux de plaisances situ\u00e9e sur le port des Minimes \u00e0 La Rochelle.","publisher":{"@id":"https:\/\/larocque-yachting.com\/fr\/#organization"},"potentialAction":[{"@type":"SearchAction","target":{"@type":"EntryPoint","urlTemplate":"https:\/\/larocque-yachting.com\/fr\/?s={search_term_string}"},"query-input":{"@type":"PropertyValueSpecification","valueRequired":true,"valueName":"search_term_string"}}],"inLanguage":"fr-FR"},{"@type":"Organization","@id":"https:\/\/larocque-yachting.com\/fr\/#organization","name":"Larocque Yachting","url":"https:\/\/larocque-yachting.com\/fr\/","logo":{"@type":"ImageObject","inLanguage":"fr-FR","@id":"https:\/\/larocque-yachting.com\/fr\/#\/schema\/logo\/image\/","url":"https:\/\/larocque-yachting.com\/wp-content\/uploads\/2018\/04\/logo-larocque-yachting-courtage-footer.png","contentUrl":"https:\/\/larocque-yachting.com\/wp-content\/uploads\/2018\/04\/logo-larocque-yachting-courtage-footer.png","width":90,"height":106,"caption":"Larocque Yachting"},"image":{"@id":"https:\/\/larocque-yachting.com\/fr\/#\/schema\/logo\/image\/"},"sameAs":["https:\/\/fr-fr.facebook.com\/LAROCQUEYACHTING\/"]}]}},"_links":{"self":[{"href":"https:\/\/larocque-yachting.com\/fr\/wp-json\/wp\/v2\/pages\/3","targetHints":{"allow":["GET"]}}],"collection":[{"href":"https:\/\/larocque-yachting.com\/fr\/wp-json\/wp\/v2\/pages"}],"about":[{"href":"https:\/\/larocque-yachting.com\/fr\/wp-json\/wp\/v2\/types\/page"}],"author":[{"embeddable":true,"href":"https:\/\/larocque-yachting.com\/fr\/wp-json\/wp\/v2\/users\/1"}],"replies":[{"embeddable":true,"href":"https:\/\/larocque-yachting.com\/fr\/wp-json\/wp\/v2\/comments?post=3"}],"version-history":[{"count":0,"href":"https:\/\/larocque-yachting.com\/fr\/wp-json\/wp\/v2\/pages\/3\/revisions"}],"wp:attachment":[{"href":"https:\/\/larocque-yachting.com\/fr\/wp-json\/wp\/v2\/media?parent=3"}],"curies":[{"name":"wp","href":"https:\/\/api.w.org\/{rel}","templated":true}]}}