{"id":12,"date":"2018-04-16T09:11:38","date_gmt":"2018-04-16T09:11:38","guid":{"rendered":"http:\/\/bridge224.qodeinteractive.com\/?page_id=12"},"modified":"2024-10-29T10:01:21","modified_gmt":"2024-10-29T09:01:21","slug":"home","status":"publish","type":"page","link":"https:\/\/larocque-yachting.com\/fr\/","title":{"rendered":"Bateaux d&rsquo;occasion \u00e0 La Rochelle"},"content":{"rendered":"<div class=\"wpb-content-wrapper\"><p>[vc_row css_animation=\u00a0\u00bb\u00a0\u00bb row_type=\u00a0\u00bbrow\u00a0\u00bb use_row_as_full_screen_section=\u00a0\u00bbno\u00a0\u00bb type=\u00a0\u00bbfull_width\u00a0\u00bb angled_section=\u00a0\u00bbno\u00a0\u00bb text_align=\u00a0\u00bbleft\u00a0\u00bb background_image_as_pattern=\u00a0\u00bbwithout_pattern\u00a0\u00bb z_index=\u00a0\u00bb998&Prime; el_class=\u00a0\u00bbslider_home_desktop\u00a0\u00bb][vc_column][rev_slider_vc alias=\u00a0\u00bbDelarocque-Yachting\u00a0\u00bb][\/vc_column][\/vc_row][vc_row css_animation=\u00a0\u00bb\u00a0\u00bb row_type=\u00a0\u00bbrow\u00a0\u00bb use_row_as_full_screen_section=\u00a0\u00bbno\u00a0\u00bb type=\u00a0\u00bbgrid\u00a0\u00bb angled_section=\u00a0\u00bbno\u00a0\u00bb text_align=\u00a0\u00bbcenter\u00a0\u00bb background_image_as_pattern=\u00a0\u00bbwithout_pattern\u00a0\u00bb z_index=\u00a0\u00bb999&Prime; css=\u00a0\u00bb.vc_custom_1544546889636{background-image: url(http:\/\/bridge224.qodeinteractive.com\/wp-content\/uploads\/2018\/04\/home-background-1-1.png?id=147) !important;background-position: center !important;background-repeat: no-repeat !important;background-size: cover !important;}\u00a0\u00bb el_class=\u00a0\u00bbfiltre_boat\u00a0\u00bb][vc_column css=\u00a0\u00bb.vc_custom_1545208872063{margin-top: -45px !important;}\u00a0\u00bb][vc_raw_html el_class=\u00a0\u00bbacff_filtre_bateaux\u00a0\u00bb]JTNDZGl2JTIwY2xhc3MlM0QlMjJidXR0b25fbGVmdF81MCUyMiUzRSUwQSUzQ2ElMjBocmVmJTNEJTIyaHR0cHMlM0ElMkYlMkZsYXJvY3F1ZS15YWNodGluZy5jb20lMkZmciUyRmFubm9uY2VzLWJhdGVhdXglMkYlM0Zmd3BfdHlwZV9kZV9iYXRlYXV4JTNEdm9pbGllcnMlMjIlMjBjbGFzcyUzRCUyMmJ1dHRvbl9ib2F0X2xlZnQlMjIlMjB0aXRsZSUzRCUyMkQlQzMlQTljb3V2cmV6JTIwbm9zJTIwdm9pbGllcnMlMjBkJTI3b2NjYXNpb24lMjAlQzMlQTAlMjBMYSUyMFJvY2hlbGxlJTIyJTIwYWx0JTNEJTIybGllbiUyMHZvaWxpZXJzJTIwZCUyN29jY2FzaW9uJTIwJUMzJUEwJTIwbGElMjByb2NoZWxsZSUyMiUzRSUwQSUzQ2xhYmVsJTIwZm9yJTNEJTIyZndwX3R5cGVfZGVfYmF0ZWF1eCUyMiUzRSUzQ2ltZyUyMHNyYyUzRCUyMiUyRndwLWNvbnRlbnQlMkZ1cGxvYWRzJTJGMjAxOSUyRjAyJTJGeWFjaHQuc3ZnJTIyJTIwYWx0JTNEJTIyJTIyJTIwd2lkdGglM0QlMjIyOCUyMiUzRSUzQyUyRmxhYmVsJTNFJTBBJTNDc3BhbiUzRU5vcyUyMHZvaWxpZXJzJTNDJTJGc3BhbiUzRSUwQSUzQyUyRmElM0UlMEElM0MlMkZkaXYlM0UlMEElMEElM0NkaXYlMjBjbGFzcyUzRCUyMmJ1dHRvbl9yaWdodF81MCUyMiUzRSUwQSUzQ2ElMjBocmVmJTNEJTIyaHR0cHMlM0ElMkYlMkZsYXJvY3F1ZS15YWNodGluZy5jb20lMkZmciUyRmFubm9uY2VzLWJhdGVhdXglMkYlM0Zmd3BfdHlwZV9kZV9iYXRlYXV4JTNEYmF0ZWF1eC1hLW1vdGV1ciUyMiUyMGNsYXNzJTNEJTIyYnV0dG9uX2JvYXRfcmlnaHQlMjIlMjB0aXRsZSUzRCUyMkQlQzMlQTljb3V2cmV6JTIwbm9zJTIwYmF0ZWF1eCUyMCVDMyVBMCUyMG1vdGV1ciUyMGQlMjdvY2Nhc2lvbiUyMCVDMyVBMCUyMExhJTIwUm9jaGVsbGUlMjIlMjBhbHQlM0QlMjJsaWVuJTIwYmF0ZWF1eCUyMCVDMyVBMCUyMG1vdGV1ciUyMGQlMjdvY2Nhc2lvbiUyMCVDMyVBMCUyMGxhJTIwcm9jaGVsbGUlMjIlM0UlMEElM0NsYWJlbCUyMGZvciUzRCUyMmZ3cF90eXBlX2RlX2JhdGVhdXglMjIlM0UlM0NpbWclMjBzcmMlM0QlMjIlMkZ3cC1jb250ZW50JTJGdXBsb2FkcyUyRjIwMTklMkYwMiUyRmJvYXQuc3ZnJTIyJTIwYWx0JTNEJTIyJTIyJTIwd2lkdGglM0QlMjIzMyUyMiUzRSUzQyUyRmxhYmVsJTNFJTBBJTNDc3BhbiUzRU5vcyUyMGJhdGVhdXglMjAlQzMlQTAlMjBtb3RldXIlM0MlMkZzcGFuJTNFJTBBJTNDJTJGYSUzRSUwQSUzQyUyRmRpdiUzRQ==[\/vc_raw_html][\/vc_column][\/vc_row][vc_row css_animation=\u00a0\u00bb\u00a0\u00bb row_type=\u00a0\u00bbrow\u00a0\u00bb use_row_as_full_screen_section=\u00a0\u00bbno\u00a0\u00bb type=\u00a0\u00bbgrid\u00a0\u00bb angled_section=\u00a0\u00bbno\u00a0\u00bb text_align=\u00a0\u00bbleft\u00a0\u00bb background_image_as_pattern=\u00a0\u00bbwithout_pattern\u00a0\u00bb bg_type=\u00a0\u00bbimage\u00a0\u00bb parallax_style=\u00a0\u00bbvcpb-vz-jquery\u00a0\u00bb bg_image_new=\u00a0\u00bbid^1021|url^http:\/\/larocque-yachting.com\/wp-content\/uploads\/2018\/12\/rose-des-vents.jpg|caption^null|alt^null|title^rose-des-vents|description^null\u00a0\u00bb bg_image_repeat=\u00a0\u00bbno-repeat\u00a0\u00bb parallax_content=\u00a0\u00bbparallax_content_value\u00a0\u00bb parallax_content_sense=\u00a0\u00bb20&Prime; fadeout_row=\u00a0\u00bbfadeout_row_value\u00a0\u00bb fadeout_start_effect=\u00a0\u00bb70&Prime; el_class=\u00a0\u00bbsection01_homepage style_home\u00a0\u00bb z_index=\u00a0\u00bb\u00a0\u00bb][vc_column width=\u00a0\u00bb1\/2&Prime;]<div class=\"ult-animation  ult-animate-viewport  ult-no-mobile \" data-animate=\"fadeInRight\" data-animation-delay=\"0\" data-animation-duration=\"3\" data-animation-iteration=\"1\" style=\"opacity:0;\" data-opacity_start_effect=\"\">[vc_column_text]<\/p>\n<h2>la soci\u00e9t\u00e9<\/h2>\n<p>[\/vc_column_text][vc_separator css_animation=\u00a0\u00bbnone\u00a0\u00bb type=\u00a0\u00bbsmall\u00a0\u00bb position=\u00a0\u00bbleft\u00a0\u00bb color=\u00a0\u00bb#f09442&Prime; width=\u00a0\u00bb50&Prime;][vc_column_text]<\/p>\n<h3>Larocque Yachting<\/h3>\n<p>[\/vc_column_text][vc_column_text]Implant\u00e9e \u00e0 La Rochelle depuis plus de 18 ans sur le plus grand port de plaisance d\u2019Europe, LAROCQUE YACHTING Courtage g\u00e8re l\u2019acquisition ou la vente de votre bateau. Par un accompagnement personnalis\u00e9, par notre expertise technique et la bonne connaissance du march\u00e9, nous vous garantissons une transaction dans les meilleures conditions.[\/vc_column_text]<a  itemprop=\"url\" href=\"https:\/\/larocque-yachting.com\/fr\/notre-societe\/\" target=\"_self\" data-hover-background-color=#f09442 data-hover-border-color=#f09442 data-hover-color=#ffffff class=\"qbutton  medium default button_larocque\" style=\"color: #f09442; border-color: #f09442; background-color: #ffffff;\">EN SAVOIR PLUS<\/a><\/div>[\/vc_column][vc_column width=\u00a0\u00bb1\/2&Prime;]<div class=\"ult-animation  ult-animate-viewport  ult-no-mobile \" data-animate=\"fadeInLeft\" data-animation-delay=\"0\" data-animation-duration=\"3\" data-animation-iteration=\"1\" style=\"opacity:0;\" data-opacity_start_effect=\"\">[vc_single_image image=\u00a0\u00bb2400&Prime; img_size=\u00a0\u00bbfull\u00a0\u00bb qode_css_animation=\u00a0\u00bb\u00a0\u00bb]<\/div>[\/vc_column][\/vc_row][vc_row css_animation=\u00a0\u00bb\u00a0\u00bb row_type=\u00a0\u00bbrow\u00a0\u00bb use_row_as_full_screen_section=\u00a0\u00bbno\u00a0\u00bb type=\u00a0\u00bbfull_width\u00a0\u00bb angled_section=\u00a0\u00bbno\u00a0\u00bb text_align=\u00a0\u00bbleft\u00a0\u00bb background_image_as_pattern=\u00a0\u00bbwithout_pattern\u00a0\u00bb background_color=\u00a0\u00bb#ededed\u00a0\u00bb z_index=\u00a0\u00bb\u00a0\u00bb][vc_column][vc_row_inner row_type=\u00a0\u00bbrow\u00a0\u00bb type=\u00a0\u00bbgrid\u00a0\u00bb text_align=\u00a0\u00bbleft\u00a0\u00bb css_animation=\u00a0\u00bb\u00a0\u00bb el_class=\u00a0\u00bbsection02_homepage style_home\u00a0\u00bb][vc_column_inner width=\u00a0\u00bb1\/2&Prime;]<div class=\"ult-animation  ult-animate-viewport  ult-no-mobile \" data-animate=\"fadeInRight\" data-animation-delay=\"0\" data-animation-duration=\"3\" data-animation-iteration=\"1\" style=\"opacity:0;\" data-opacity_start_effect=\"\">[vc_single_image image=\u00a0\u00bb2402&Prime; img_size=\u00a0\u00bbfull\u00a0\u00bb qode_css_animation=\u00a0\u00bb\u00a0\u00bb css=\u00a0\u00bb.vc_custom_1548193418834{padding-right: 80px !important;}\u00a0\u00bb]<\/div>[\/vc_column_inner][vc_column_inner width=\u00a0\u00bb1\/2&Prime;]<div class=\"ult-animation  ult-animate-viewport  ult-no-mobile \" data-animate=\"fadeInLeft\" data-animation-delay=\"0\" data-animation-duration=\"3\" data-animation-iteration=\"1\" style=\"opacity:0;\" data-opacity_start_effect=\"\">[vc_column_text]<\/p>\n<h2>Acqu\u00e9rir<\/h2>\n<p>[\/vc_column_text][vc_separator css_animation=\u00a0\u00bbnone\u00a0\u00bb type=\u00a0\u00bbsmall\u00a0\u00bb position=\u00a0\u00bbleft\u00a0\u00bb color=\u00a0\u00bb#f09442&Prime; width=\u00a0\u00bb50&Prime;][vc_column_text]<\/p>\n<h3>Le bateau de vos r\u00eaves<\/h3>\n<p>[\/vc_column_text][vc_column_text]Soyez assur\u00e9 d\u2019avoir \u00e0 vos c\u00f4t\u00e9s le meilleur accompagnement, afin de vous guider et prendre en charge chaque \u00e9tape vers l\u2019achat du bateau qui vous convient.[\/vc_column_text]<a  itemprop=\"url\" href=\"https:\/\/larocque-yachting.com\/fr\/annonces-bateaux\/\" target=\"_self\" data-hover-background-color=#f09442 data-hover-border-color=#f09442 data-hover-color=#ffffff class=\"qbutton  medium default button_larocque\" style=\"color: #f09442; border-color: #f09442; background-color: #ededed;\">Voir les annonces<\/a><\/div>[\/vc_column_inner][\/vc_row_inner][\/vc_column][\/vc_row][vc_row css_animation=\u00a0\u00bb\u00a0\u00bb row_type=\u00a0\u00bbrow\u00a0\u00bb use_row_as_full_screen_section=\u00a0\u00bbno\u00a0\u00bb type=\u00a0\u00bbgrid\u00a0\u00bb angled_section=\u00a0\u00bbno\u00a0\u00bb text_align=\u00a0\u00bbleft\u00a0\u00bb background_image=\u00a0\u00bb994&Prime; background_image_as_pattern=\u00a0\u00bbwithout_pattern\u00a0\u00bb bg_type=\u00a0\u00bbimage\u00a0\u00bb parallax_style=\u00a0\u00bbvcpb-vz-jquery\u00a0\u00bb bg_image_new=\u00a0\u00bbid^1021|url^http:\/\/larocque-yachting.com\/wp-content\/uploads\/2018\/12\/rose-des-vents.jpg|caption^null|alt^null|title^rose-des-vents|description^null\u00a0\u00bb bg_override=\u00a0\u00bbfull\u00a0\u00bb parallax_content=\u00a0\u00bbparallax_content_value\u00a0\u00bb parallax_content_sense=\u00a0\u00bb30&Prime; fadeout_row=\u00a0\u00bbfadeout_row_value\u00a0\u00bb fadeout_start_effect=\u00a0\u00bb70&Prime; el_class=\u00a0\u00bbsection03_homepage style_home\u00a0\u00bb z_index=\u00a0\u00bb\u00a0\u00bb][vc_column width=\u00a0\u00bb1\/2&Prime;]<div class=\"ult-animation  ult-animate-viewport  ult-no-mobile \" data-animate=\"fadeInRight\" data-animation-delay=\"0\" data-animation-duration=\"3\" data-animation-iteration=\"1\" style=\"opacity:0;\" data-opacity_start_effect=\"\">[vc_column_text]<\/p>\n<h2>Vendre<\/h2>\n<p>[\/vc_column_text][vc_separator css_animation=\u00a0\u00bbnone\u00a0\u00bb type=\u00a0\u00bbsmall\u00a0\u00bb position=\u00a0\u00bbleft\u00a0\u00bb color=\u00a0\u00bb#f09442&Prime; width=\u00a0\u00bb50&Prime;][vc_column_text]<\/p>\n<h3>Votre bateau au meilleur prix<\/h3>\n<p>[\/vc_column_text][vc_column_text]La visibilit\u00e9 internationale de Larocque Yachting \u00e0 laquelle s\u2019ajoute notre grand r\u00e9seau de clients acheteurs vous garantit une vente optimale et dans les meilleurs d\u00e9lais.[\/vc_column_text]<a  itemprop=\"url\" href=\"https:\/\/larocque-yachting.com\/fr\/vendre-son-bateau\/\" target=\"_self\" data-hover-background-color=#f09442 data-hover-border-color=#f09442 data-hover-color=#ffffff class=\"qbutton  medium default button_larocque\" style=\"color: #f09442; border-color: #f09442; background-color: #ffffff;\">En savoir plus<\/a><\/div>[\/vc_column][vc_column width=\u00a0\u00bb1\/2&Prime;]<div class=\"ult-animation  ult-animate-viewport  ult-no-mobile \" data-animate=\"fadeInLeft\" data-animation-delay=\"0\" data-animation-duration=\"3\" data-animation-iteration=\"1\" style=\"opacity:0;\" data-opacity_start_effect=\"\">[vc_single_image image=\u00a0\u00bb2404&Prime; img_size=\u00a0\u00bbfull\u00a0\u00bb alignment=\u00a0\u00bbright\u00a0\u00bb qode_css_animation=\u00a0\u00bb\u00a0\u00bb]<\/div>[\/vc_column][\/vc_row]<\/p>\n<\/div>","protected":false},"excerpt":{"rendered":"<p>[vc_row css_animation=\u00a0\u00bb\u00a0\u00bb row_type=\u00a0\u00bbrow\u00a0\u00bb use_row_as_full_screen_section=\u00a0\u00bbno\u00a0\u00bb type=\u00a0\u00bbfull_width\u00a0\u00bb angled_section=\u00a0\u00bbno\u00a0\u00bb text_align=\u00a0\u00bbleft\u00a0\u00bb background_image_as_pattern=\u00a0\u00bbwithout_pattern\u00a0\u00bb z_index=\u00a0\u00bb998&Prime; el_class=\u00a0\u00bbslider_home_desktop\u00a0\u00bb][vc_column][rev_slider_vc alias=\u00a0\u00bbDelarocque-Yachting\u00a0\u00bb][\/vc_column][\/vc_row][vc_row css_animation=\u00a0\u00bb\u00a0\u00bb row_type=\u00a0\u00bbrow\u00a0\u00bb use_row_as_full_screen_section=\u00a0\u00bbno\u00a0\u00bb type=\u00a0\u00bbgrid\u00a0\u00bb angled_section=\u00a0\u00bbno\u00a0\u00bb text_align=\u00a0\u00bbcenter\u00a0\u00bb background_image_as_pattern=\u00a0\u00bbwithout_pattern\u00a0\u00bb z_index=\u00a0\u00bb999&Prime; css=\u00a0\u00bb.vc_custom_1544546889636{background-image: url(http:\/\/bridge224.qodeinteractive.com\/wp-content\/uploads\/2018\/04\/home-background-1-1.png?id=147) !important;background-position: center !important;background-repeat: no-repeat !important;background-size: cover !important;}\u00a0\u00bb el_class=\u00a0\u00bbfiltre_boat\u00a0\u00bb][vc_column css=\u00a0\u00bb.vc_custom_1545208872063{margin-top: -45px !important;}\u00a0\u00bb][vc_raw_html el_class=\u00a0\u00bbacff_filtre_bateaux\u00a0\u00bb]JTNDZGl2JTIwY2xhc3MlM0QlMjJidXR0b25fbGVmdF81MCUyMiUzRSUwQSUzQ2ElMjBocmVmJTNEJTIyaHR0cHMlM0ElMkYlMkZsYXJvY3F1ZS15YWNodGluZy5jb20lMkZmciUyRmFubm9uY2VzLWJhdGVhdXglMkYlM0Zmd3BfdHlwZV9kZV9iYXRlYXV4JTNEdm9pbGllcnMlMjIlMjBjbGFzcyUzRCUyMmJ1dHRvbl9ib2F0X2xlZnQlMjIlMjB0aXRsZSUzRCUyMkQlQzMlQTljb3V2cmV6JTIwbm9zJTIwdm9pbGllcnMlMjBkJTI3b2NjYXNpb24lMjAlQzMlQTAlMjBMYSUyMFJvY2hlbGxlJTIyJTIwYWx0JTNEJTIybGllbiUyMHZvaWxpZXJzJTIwZCUyN29jY2FzaW9uJTIwJUMzJUEwJTIwbGElMjByb2NoZWxsZSUyMiUzRSUwQSUzQ2xhYmVsJTIwZm9yJTNEJTIyZndwX3R5cGVfZGVfYmF0ZWF1eCUyMiUzRSUzQ2ltZyUyMHNyYyUzRCUyMiUyRndwLWNvbnRlbnQlMkZ1cGxvYWRzJTJGMjAxOSUyRjAyJTJGeWFjaHQuc3ZnJTIyJTIwYWx0JTNEJTIyJTIyJTIwd2lkdGglM0QlMjIyOCUyMiUzRSUzQyUyRmxhYmVsJTNFJTBBJTNDc3BhbiUzRU5vcyUyMHZvaWxpZXJzJTNDJTJGc3BhbiUzRSUwQSUzQyUyRmElM0UlMEElM0MlMkZkaXYlM0UlMEElMEElM0NkaXYlMjBjbGFzcyUzRCUyMmJ1dHRvbl9yaWdodF81MCUyMiUzRSUwQSUzQ2ElMjBocmVmJTNEJTIyaHR0cHMlM0ElMkYlMkZsYXJvY3F1ZS15YWNodGluZy5jb20lMkZmciUyRmFubm9uY2VzLWJhdGVhdXglMkYlM0Zmd3BfdHlwZV9kZV9iYXRlYXV4JTNEYmF0ZWF1eC1hLW1vdGV1ciUyMiUyMGNsYXNzJTNEJTIyYnV0dG9uX2JvYXRfcmlnaHQlMjIlMjB0aXRsZSUzRCUyMkQlQzMlQTljb3V2cmV6JTIwbm9zJTIwYmF0ZWF1eCUyMCVDMyVBMCUyMG1vdGV1ciUyMGQlMjdvY2Nhc2lvbiUyMCVDMyVBMCUyMExhJTIwUm9jaGVsbGUlMjIlMjBhbHQlM0QlMjJsaWVuJTIwYmF0ZWF1eCUyMCVDMyVBMCUyMG1vdGV1ciUyMGQlMjdvY2Nhc2lvbiUyMCVDMyVBMCUyMGxhJTIwcm9jaGVsbGUlMjIlM0UlMEElM0NsYWJlbCUyMGZvciUzRCUyMmZ3cF90eXBlX2RlX2JhdGVhdXglMjIlM0UlM0NpbWclMjBzcmMlM0QlMjIlMkZ3cC1jb250ZW50JTJGdXBsb2FkcyUyRjIwMTklMkYwMiUyRmJvYXQuc3ZnJTIyJTIwYWx0JTNEJTIyJTIyJTIwd2lkdGglM0QlMjIzMyUyMiUzRSUzQyUyRmxhYmVsJTNFJTBBJTNDc3BhbiUzRU5vcyUyMGJhdGVhdXglMjAlQzMlQTAlMjBtb3RldXIlM0MlMkZzcGFuJTNFJTBBJTNDJTJGYSUzRSUwQSUzQyUyRmRpdiUzRQ==[\/vc_raw_html][\/vc_column][\/vc_row][vc_row css_animation=\u00a0\u00bb\u00a0\u00bb row_type=\u00a0\u00bbrow\u00a0\u00bb use_row_as_full_screen_section=\u00a0\u00bbno\u00a0\u00bb type=\u00a0\u00bbgrid\u00a0\u00bb angled_section=\u00a0\u00bbno\u00a0\u00bb text_align=\u00a0\u00bbleft\u00a0\u00bb background_image_as_pattern=\u00a0\u00bbwithout_pattern\u00a0\u00bb bg_type=\u00a0\u00bbimage\u00a0\u00bb parallax_style=\u00a0\u00bbvcpb-vz-jquery\u00a0\u00bb bg_image_new=\u00a0\u00bbid^1021|url^http:\/\/larocque-yachting.com\/wp-content\/uploads\/2018\/12\/rose-des-vents.jpg|caption^null|alt^null|title^rose-des-vents|description^null\u00a0\u00bb bg_image_repeat=\u00a0\u00bbno-repeat\u00a0\u00bb parallax_content=\u00a0\u00bbparallax_content_value\u00a0\u00bb&#8230;<\/p>\n","protected":false},"author":1,"featured_media":0,"parent":0,"menu_order":0,"comment_status":"closed","ping_status":"closed","template":"full_width.php","meta":{"_acf_changed":false,"footnotes":""},"class_list":["post-12","page","type-page","status-publish","hentry"],"acf":[],"yoast_head":"<!-- This site is optimized with the Yoast SEO plugin v27.2 - https:\/\/yoast.com\/product\/yoast-seo-wordpress\/ -->\n<title>Larocque Yachting | Voiliers et bateaux \u00e0 moteur d&#039;occasion \u00e0 La Rochelle<\/title>\n<meta name=\"description\" content=\"Vente de voiliers et bateaux \u00e0 moteur d&#039;occasion \u00e0 La Rochelle. Larocque Yachting, soci\u00e9t\u00e9 de courtage situ\u00e9e \u00e0 La Rochelle.\" \/>\n<meta name=\"robots\" content=\"index, follow, max-snippet:-1, max-image-preview:large, max-video-preview:-1\" \/>\n<link rel=\"canonical\" href=\"https:\/\/larocque-yachting.com\/fr\/\" \/>\n<meta property=\"og:locale\" content=\"fr_FR\" \/>\n<meta property=\"og:type\" content=\"article\" \/>\n<meta property=\"og:title\" content=\"Larocque Yachting | Voiliers et bateaux \u00e0 moteur d&#039;occasion \u00e0 La Rochelle\" \/>\n<meta property=\"og:description\" content=\"Vente de voiliers et bateaux \u00e0 moteur d&#039;occasion \u00e0 La Rochelle. Larocque Yachting, soci\u00e9t\u00e9 de courtage situ\u00e9e \u00e0 La Rochelle.\" \/>\n<meta property=\"og:url\" content=\"https:\/\/larocque-yachting.com\/fr\/\" \/>\n<meta property=\"og:site_name\" content=\"Larocque Yachting\" \/>\n<meta property=\"article:publisher\" content=\"https:\/\/fr-fr.facebook.com\/LAROCQUEYACHTING\/\" \/>\n<meta property=\"article:modified_time\" content=\"2024-10-29T09:01:21+00:00\" \/>\n<meta name=\"twitter:card\" content=\"summary_large_image\" \/>\n<meta name=\"twitter:label1\" content=\"Dur\u00e9e de lecture estim\u00e9e\" \/>\n\t<meta name=\"twitter:data1\" content=\"2 minutes\" \/>\n<script type=\"application\/ld+json\" class=\"yoast-schema-graph\">{\"@context\":\"https:\/\/schema.org\",\"@graph\":[{\"@type\":\"WebPage\",\"@id\":\"https:\/\/larocque-yachting.com\/fr\/\",\"url\":\"https:\/\/larocque-yachting.com\/fr\/\",\"name\":\"Larocque Yachting | Voiliers et bateaux \u00e0 moteur d'occasion \u00e0 La Rochelle\",\"isPartOf\":{\"@id\":\"https:\/\/larocque-yachting.com\/fr\/#website\"},\"datePublished\":\"2018-04-16T09:11:38+00:00\",\"dateModified\":\"2024-10-29T09:01:21+00:00\",\"description\":\"Vente de voiliers et bateaux \u00e0 moteur d'occasion \u00e0 La Rochelle. Larocque Yachting, soci\u00e9t\u00e9 de courtage situ\u00e9e \u00e0 La Rochelle.\",\"breadcrumb\":{\"@id\":\"https:\/\/larocque-yachting.com\/fr\/#breadcrumb\"},\"inLanguage\":\"fr-FR\",\"potentialAction\":[{\"@type\":\"ReadAction\",\"target\":[\"https:\/\/larocque-yachting.com\/fr\/\"]}]},{\"@type\":\"BreadcrumbList\",\"@id\":\"https:\/\/larocque-yachting.com\/fr\/#breadcrumb\",\"itemListElement\":[{\"@type\":\"ListItem\",\"position\":1,\"name\":\"Accueil\",\"item\":\"https:\/\/larocque-yachting.com\/fr\/\"},{\"@type\":\"ListItem\",\"position\":2,\"name\":\"Bateaux d&rsquo;occasion \u00e0 La Rochelle\"}]},{\"@type\":\"WebSite\",\"@id\":\"https:\/\/larocque-yachting.com\/fr\/#website\",\"url\":\"https:\/\/larocque-yachting.com\/fr\/\",\"name\":\"Larocque Yachting\",\"description\":\"Soci\u00e9t\u00e9 de courtage de bateaux de plaisances situ\u00e9e sur le port des Minimes \u00e0 La Rochelle.\",\"publisher\":{\"@id\":\"https:\/\/larocque-yachting.com\/fr\/#organization\"},\"potentialAction\":[{\"@type\":\"SearchAction\",\"target\":{\"@type\":\"EntryPoint\",\"urlTemplate\":\"https:\/\/larocque-yachting.com\/fr\/?s={search_term_string}\"},\"query-input\":{\"@type\":\"PropertyValueSpecification\",\"valueRequired\":true,\"valueName\":\"search_term_string\"}}],\"inLanguage\":\"fr-FR\"},{\"@type\":\"Organization\",\"@id\":\"https:\/\/larocque-yachting.com\/fr\/#organization\",\"name\":\"Larocque Yachting\",\"url\":\"https:\/\/larocque-yachting.com\/fr\/\",\"logo\":{\"@type\":\"ImageObject\",\"inLanguage\":\"fr-FR\",\"@id\":\"https:\/\/larocque-yachting.com\/fr\/#\/schema\/logo\/image\/\",\"url\":\"https:\/\/larocque-yachting.com\/wp-content\/uploads\/2018\/04\/logo-larocque-yachting-courtage-footer.png\",\"contentUrl\":\"https:\/\/larocque-yachting.com\/wp-content\/uploads\/2018\/04\/logo-larocque-yachting-courtage-footer.png\",\"width\":90,\"height\":106,\"caption\":\"Larocque Yachting\"},\"image\":{\"@id\":\"https:\/\/larocque-yachting.com\/fr\/#\/schema\/logo\/image\/\"},\"sameAs\":[\"https:\/\/fr-fr.facebook.com\/LAROCQUEYACHTING\/\"]}]}<\/script>\n<!-- \/ Yoast SEO plugin. -->","yoast_head_json":{"title":"Larocque Yachting | Voiliers et bateaux \u00e0 moteur d'occasion \u00e0 La Rochelle","description":"Vente de voiliers et bateaux \u00e0 moteur d'occasion \u00e0 La Rochelle. Larocque Yachting, soci\u00e9t\u00e9 de courtage situ\u00e9e \u00e0 La Rochelle.","robots":{"index":"index","follow":"follow","max-snippet":"max-snippet:-1","max-image-preview":"max-image-preview:large","max-video-preview":"max-video-preview:-1"},"canonical":"https:\/\/larocque-yachting.com\/fr\/","og_locale":"fr_FR","og_type":"article","og_title":"Larocque Yachting | Voiliers et bateaux \u00e0 moteur d'occasion \u00e0 La Rochelle","og_description":"Vente de voiliers et bateaux \u00e0 moteur d'occasion \u00e0 La Rochelle. Larocque Yachting, soci\u00e9t\u00e9 de courtage situ\u00e9e \u00e0 La Rochelle.","og_url":"https:\/\/larocque-yachting.com\/fr\/","og_site_name":"Larocque Yachting","article_publisher":"https:\/\/fr-fr.facebook.com\/LAROCQUEYACHTING\/","article_modified_time":"2024-10-29T09:01:21+00:00","twitter_card":"summary_large_image","twitter_misc":{"Dur\u00e9e de lecture estim\u00e9e":"2 minutes"},"schema":{"@context":"https:\/\/schema.org","@graph":[{"@type":"WebPage","@id":"https:\/\/larocque-yachting.com\/fr\/","url":"https:\/\/larocque-yachting.com\/fr\/","name":"Larocque Yachting | Voiliers et bateaux \u00e0 moteur d'occasion \u00e0 La Rochelle","isPartOf":{"@id":"https:\/\/larocque-yachting.com\/fr\/#website"},"datePublished":"2018-04-16T09:11:38+00:00","dateModified":"2024-10-29T09:01:21+00:00","description":"Vente de voiliers et bateaux \u00e0 moteur d'occasion \u00e0 La Rochelle. Larocque Yachting, soci\u00e9t\u00e9 de courtage situ\u00e9e \u00e0 La Rochelle.","breadcrumb":{"@id":"https:\/\/larocque-yachting.com\/fr\/#breadcrumb"},"inLanguage":"fr-FR","potentialAction":[{"@type":"ReadAction","target":["https:\/\/larocque-yachting.com\/fr\/"]}]},{"@type":"BreadcrumbList","@id":"https:\/\/larocque-yachting.com\/fr\/#breadcrumb","itemListElement":[{"@type":"ListItem","position":1,"name":"Accueil","item":"https:\/\/larocque-yachting.com\/fr\/"},{"@type":"ListItem","position":2,"name":"Bateaux d&rsquo;occasion \u00e0 La Rochelle"}]},{"@type":"WebSite","@id":"https:\/\/larocque-yachting.com\/fr\/#website","url":"https:\/\/larocque-yachting.com\/fr\/","name":"Larocque Yachting","description":"Soci\u00e9t\u00e9 de courtage de bateaux de plaisances situ\u00e9e sur le port des Minimes \u00e0 La Rochelle.","publisher":{"@id":"https:\/\/larocque-yachting.com\/fr\/#organization"},"potentialAction":[{"@type":"SearchAction","target":{"@type":"EntryPoint","urlTemplate":"https:\/\/larocque-yachting.com\/fr\/?s={search_term_string}"},"query-input":{"@type":"PropertyValueSpecification","valueRequired":true,"valueName":"search_term_string"}}],"inLanguage":"fr-FR"},{"@type":"Organization","@id":"https:\/\/larocque-yachting.com\/fr\/#organization","name":"Larocque Yachting","url":"https:\/\/larocque-yachting.com\/fr\/","logo":{"@type":"ImageObject","inLanguage":"fr-FR","@id":"https:\/\/larocque-yachting.com\/fr\/#\/schema\/logo\/image\/","url":"https:\/\/larocque-yachting.com\/wp-content\/uploads\/2018\/04\/logo-larocque-yachting-courtage-footer.png","contentUrl":"https:\/\/larocque-yachting.com\/wp-content\/uploads\/2018\/04\/logo-larocque-yachting-courtage-footer.png","width":90,"height":106,"caption":"Larocque Yachting"},"image":{"@id":"https:\/\/larocque-yachting.com\/fr\/#\/schema\/logo\/image\/"},"sameAs":["https:\/\/fr-fr.facebook.com\/LAROCQUEYACHTING\/"]}]}},"_links":{"self":[{"href":"https:\/\/larocque-yachting.com\/fr\/wp-json\/wp\/v2\/pages\/12","targetHints":{"allow":["GET"]}}],"collection":[{"href":"https:\/\/larocque-yachting.com\/fr\/wp-json\/wp\/v2\/pages"}],"about":[{"href":"https:\/\/larocque-yachting.com\/fr\/wp-json\/wp\/v2\/types\/page"}],"author":[{"embeddable":true,"href":"https:\/\/larocque-yachting.com\/fr\/wp-json\/wp\/v2\/users\/1"}],"replies":[{"embeddable":true,"href":"https:\/\/larocque-yachting.com\/fr\/wp-json\/wp\/v2\/comments?post=12"}],"version-history":[{"count":6,"href":"https:\/\/larocque-yachting.com\/fr\/wp-json\/wp\/v2\/pages\/12\/revisions"}],"predecessor-version":[{"id":46616,"href":"https:\/\/larocque-yachting.com\/fr\/wp-json\/wp\/v2\/pages\/12\/revisions\/46616"}],"wp:attachment":[{"href":"https:\/\/larocque-yachting.com\/fr\/wp-json\/wp\/v2\/media?parent=12"}],"curies":[{"name":"wp","href":"https:\/\/api.w.org\/{rel}","templated":true}]}}