{"id":46623,"date":"2024-10-29T10:06:07","date_gmt":"2024-10-29T09:06:07","guid":{"rendered":"https:\/\/larocque-yachting.com\/privacy-statement\/"},"modified":"2024-10-29T10:06:07","modified_gmt":"2024-10-29T09:06:07","slug":"privacy-statement","status":"publish","type":"page","link":"https:\/\/larocque-yachting.com\/en\/privacy-statement\/","title":{"rendered":"Privacy Statement"},"content":{"rendered":"Please configure the Privacy Tools page in the admin interface.\n","protected":false},"excerpt":{"rendered":"Please configure the Privacy Tools page in the admin interface.","protected":false},"author":1,"featured_media":0,"parent":0,"menu_order":0,"comment_status":"closed","ping_status":"closed","template":"","meta":{"_acf_changed":false,"footnotes":""},"class_list":["post-46623","page","type-page","status-publish","hentry"],"acf":[],"yoast_head":"<!-- This site is optimized with the Yoast SEO plugin v27.2 - https:\/\/yoast.com\/product\/yoast-seo-wordpress\/ -->\n<title>Privacy Statement | Larocque Yachting<\/title>\n<meta name=\"robots\" content=\"index, follow, max-snippet:-1, max-image-preview:large, max-video-preview:-1\" \/>\n<link rel=\"canonical\" href=\"https:\/\/larocque-yachting.com\/fr\/declaration-de-confidentialite\/\" \/>\n<meta property=\"og:locale\" content=\"en_US\" \/>\n<meta property=\"og:type\" content=\"article\" \/>\n<meta property=\"og:title\" content=\"Privacy Statement | Larocque Yachting\" \/>\n<meta property=\"og:url\" content=\"https:\/\/larocque-yachting.com\/fr\/declaration-de-confidentialite\/\" \/>\n<meta property=\"og:site_name\" content=\"Larocque Yachting\" \/>\n<meta property=\"article:publisher\" content=\"https:\/\/fr-fr.facebook.com\/LAROCQUEYACHTING\/\" \/>\n<meta name=\"twitter:card\" content=\"summary_large_image\" \/>\n<script type=\"application\/ld+json\" class=\"yoast-schema-graph\">{\"@context\":\"https:\/\/schema.org\",\"@graph\":[{\"@type\":\"WebPage\",\"@id\":\"https:\/\/larocque-yachting.com\/fr\/declaration-de-confidentialite\/\",\"url\":\"https:\/\/larocque-yachting.com\/fr\/declaration-de-confidentialite\/\",\"name\":\"Privacy Statement | Larocque Yachting\",\"isPartOf\":{\"@id\":\"https:\/\/larocque-yachting.com\/fr\/#website\"},\"datePublished\":\"2024-10-29T09:06:07+00:00\",\"breadcrumb\":{\"@id\":\"https:\/\/larocque-yachting.com\/fr\/declaration-de-confidentialite\/#breadcrumb\"},\"inLanguage\":\"en-US\",\"potentialAction\":[{\"@type\":\"ReadAction\",\"target\":[\"https:\/\/larocque-yachting.com\/fr\/declaration-de-confidentialite\/\"]}]},{\"@type\":\"BreadcrumbList\",\"@id\":\"https:\/\/larocque-yachting.com\/fr\/declaration-de-confidentialite\/#breadcrumb\",\"itemListElement\":[{\"@type\":\"ListItem\",\"position\":1,\"name\":\"Accueil\",\"item\":\"https:\/\/larocque-yachting.com\/en\/\"},{\"@type\":\"ListItem\",\"position\":2,\"name\":\"Privacy Statement\"}]},{\"@type\":\"WebSite\",\"@id\":\"https:\/\/larocque-yachting.com\/fr\/#website\",\"url\":\"https:\/\/larocque-yachting.com\/fr\/\",\"name\":\"Larocque Yachting\",\"description\":\"Soci\u00e9t\u00e9 de courtage de bateaux de plaisances situ\u00e9e sur le port des Minimes \u00e0 La Rochelle.\",\"publisher\":{\"@id\":\"https:\/\/larocque-yachting.com\/fr\/#organization\"},\"potentialAction\":[{\"@type\":\"SearchAction\",\"target\":{\"@type\":\"EntryPoint\",\"urlTemplate\":\"https:\/\/larocque-yachting.com\/fr\/?s={search_term_string}\"},\"query-input\":{\"@type\":\"PropertyValueSpecification\",\"valueRequired\":true,\"valueName\":\"search_term_string\"}}],\"inLanguage\":\"en-US\"},{\"@type\":\"Organization\",\"@id\":\"https:\/\/larocque-yachting.com\/fr\/#organization\",\"name\":\"Larocque Yachting\",\"url\":\"https:\/\/larocque-yachting.com\/fr\/\",\"logo\":{\"@type\":\"ImageObject\",\"inLanguage\":\"en-US\",\"@id\":\"https:\/\/larocque-yachting.com\/fr\/#\/schema\/logo\/image\/\",\"url\":\"https:\/\/larocque-yachting.com\/wp-content\/uploads\/2018\/04\/logo-larocque-yachting-courtage-footer.png\",\"contentUrl\":\"https:\/\/larocque-yachting.com\/wp-content\/uploads\/2018\/04\/logo-larocque-yachting-courtage-footer.png\",\"width\":90,\"height\":106,\"caption\":\"Larocque Yachting\"},\"image\":{\"@id\":\"https:\/\/larocque-yachting.com\/fr\/#\/schema\/logo\/image\/\"},\"sameAs\":[\"https:\/\/fr-fr.facebook.com\/LAROCQUEYACHTING\/\"]}]}<\/script>\n<!-- \/ Yoast SEO plugin. -->","yoast_head_json":{"title":"Privacy Statement | Larocque Yachting","robots":{"index":"index","follow":"follow","max-snippet":"max-snippet:-1","max-image-preview":"max-image-preview:large","max-video-preview":"max-video-preview:-1"},"canonical":"https:\/\/larocque-yachting.com\/fr\/declaration-de-confidentialite\/","og_locale":"en_US","og_type":"article","og_title":"Privacy Statement | Larocque Yachting","og_url":"https:\/\/larocque-yachting.com\/fr\/declaration-de-confidentialite\/","og_site_name":"Larocque Yachting","article_publisher":"https:\/\/fr-fr.facebook.com\/LAROCQUEYACHTING\/","twitter_card":"summary_large_image","schema":{"@context":"https:\/\/schema.org","@graph":[{"@type":"WebPage","@id":"https:\/\/larocque-yachting.com\/fr\/declaration-de-confidentialite\/","url":"https:\/\/larocque-yachting.com\/fr\/declaration-de-confidentialite\/","name":"Privacy Statement | Larocque Yachting","isPartOf":{"@id":"https:\/\/larocque-yachting.com\/fr\/#website"},"datePublished":"2024-10-29T09:06:07+00:00","breadcrumb":{"@id":"https:\/\/larocque-yachting.com\/fr\/declaration-de-confidentialite\/#breadcrumb"},"inLanguage":"en-US","potentialAction":[{"@type":"ReadAction","target":["https:\/\/larocque-yachting.com\/fr\/declaration-de-confidentialite\/"]}]},{"@type":"BreadcrumbList","@id":"https:\/\/larocque-yachting.com\/fr\/declaration-de-confidentialite\/#breadcrumb","itemListElement":[{"@type":"ListItem","position":1,"name":"Accueil","item":"https:\/\/larocque-yachting.com\/en\/"},{"@type":"ListItem","position":2,"name":"Privacy Statement"}]},{"@type":"WebSite","@id":"https:\/\/larocque-yachting.com\/fr\/#website","url":"https:\/\/larocque-yachting.com\/fr\/","name":"Larocque Yachting","description":"Soci\u00e9t\u00e9 de courtage de bateaux de plaisances situ\u00e9e sur le port des Minimes \u00e0 La Rochelle.","publisher":{"@id":"https:\/\/larocque-yachting.com\/fr\/#organization"},"potentialAction":[{"@type":"SearchAction","target":{"@type":"EntryPoint","urlTemplate":"https:\/\/larocque-yachting.com\/fr\/?s={search_term_string}"},"query-input":{"@type":"PropertyValueSpecification","valueRequired":true,"valueName":"search_term_string"}}],"inLanguage":"en-US"},{"@type":"Organization","@id":"https:\/\/larocque-yachting.com\/fr\/#organization","name":"Larocque Yachting","url":"https:\/\/larocque-yachting.com\/fr\/","logo":{"@type":"ImageObject","inLanguage":"en-US","@id":"https:\/\/larocque-yachting.com\/fr\/#\/schema\/logo\/image\/","url":"https:\/\/larocque-yachting.com\/wp-content\/uploads\/2018\/04\/logo-larocque-yachting-courtage-footer.png","contentUrl":"https:\/\/larocque-yachting.com\/wp-content\/uploads\/2018\/04\/logo-larocque-yachting-courtage-footer.png","width":90,"height":106,"caption":"Larocque Yachting"},"image":{"@id":"https:\/\/larocque-yachting.com\/fr\/#\/schema\/logo\/image\/"},"sameAs":["https:\/\/fr-fr.facebook.com\/LAROCQUEYACHTING\/"]}]}},"_links":{"self":[{"href":"https:\/\/larocque-yachting.com\/en\/wp-json\/wp\/v2\/pages\/46623","targetHints":{"allow":["GET"]}}],"collection":[{"href":"https:\/\/larocque-yachting.com\/en\/wp-json\/wp\/v2\/pages"}],"about":[{"href":"https:\/\/larocque-yachting.com\/en\/wp-json\/wp\/v2\/types\/page"}],"author":[{"embeddable":true,"href":"https:\/\/larocque-yachting.com\/en\/wp-json\/wp\/v2\/users\/1"}],"replies":[{"embeddable":true,"href":"https:\/\/larocque-yachting.com\/en\/wp-json\/wp\/v2\/comments?post=46623"}],"version-history":[{"count":0,"href":"https:\/\/larocque-yachting.com\/en\/wp-json\/wp\/v2\/pages\/46623\/revisions"}],"wp:attachment":[{"href":"https:\/\/larocque-yachting.com\/en\/wp-json\/wp\/v2\/media?parent=46623"}],"curies":[{"name":"wp","href":"https:\/\/api.w.org\/{rel}","templated":true}]}}