{"id":2549,"date":"2019-03-14T16:57:59","date_gmt":"2019-03-14T15:57:59","guid":{"rendered":"https:\/\/larocque-yachting.com\/second-hand-boats-in-la-rochelle\/"},"modified":"2024-10-29T10:05:12","modified_gmt":"2024-10-29T09:05:12","slug":"second-hand-boats-in-la-rochelle","status":"publish","type":"page","link":"https:\/\/larocque-yachting.com\/en\/","title":{"rendered":"Second-hand boats in La Rochelle"},"content":{"rendered":"<div class=\"wpb-content-wrapper\"><p>[vc_row css_animation=&#8221;&#8221; row_type=&#8221;row&#8221; use_row_as_full_screen_section=&#8221;no&#8221; type=&#8221;full_width&#8221; angled_section=&#8221;no&#8221; text_align=&#8221;left&#8221; background_image_as_pattern=&#8221;without_pattern&#8221; z_index=&#8221;998&#8243; el_class=&#8221;slider_home_desktop&#8221;][vc_column][rev_slider_vc alias=&#8221;Delarocque-Yachting&#8221;][\/vc_column][\/vc_row][vc_row css_animation=&#8221;&#8221; row_type=&#8221;row&#8221; use_row_as_full_screen_section=&#8221;no&#8221; type=&#8221;grid&#8221; angled_section=&#8221;no&#8221; text_align=&#8221;center&#8221; background_image_as_pattern=&#8221;without_pattern&#8221; z_index=&#8221;999&#8243; css=&#8221;.vc_custom_1544546889636{background-image: url(http:\/\/bridge224.qodeinteractive.com\/wp-content\/uploads\/2018\/04\/home-background-1-1.png?id=147) !important;background-position: center !important;background-repeat: no-repeat !important;background-size: cover !important;}&#8221; el_class=&#8221;filtre_boat&#8221;][vc_column css=&#8221;.vc_custom_1545208872063{margin-top: -45px !important;}&#8221;][vc_raw_html el_class=&#8221;acff_filtre_bateaux&#8221;]PGRpdiBjbGFzcz0iYnV0dG9uX2xlZnRfNTAiPgo8YSBocmVmPSJodHRwczovL2xhcm9jcXVlLXlhY2h0aW5nLmNvbS9lbi9ib2F0LWFkcy8\/ZndwX3R5cGVfZGVfYmF0ZWF1eD12b2lsaWVycyIgY2xhc3M9ImJ1dHRvbl9ib2F0X2xlZnQiIHRpdGxlPSJEaXNjb3ZlciBvdXIgdXNlZCBzYWlsYm9hdHMgaW4gTGEgUm9jaGVsbGUiIGFsdD0iTGluayBzYWlsYm9hdHMgdXNlZCBpbiBMYSBSb2NoZWxsZSI+CjxsYWJlbCBmb3I9ImZ3cF90eXBlX2RlX2JhdGVhdXgiPjxpbWcgc3JjPSIvd3AtY29udGVudC91cGxvYWRzLzIwMTkvMDIveWFjaHQuc3ZnIiBhbHQ9IiIgd2lkdGg9IjI4Ij48L2xhYmVsPgo8c3Bhbj5PdXIgc2FpbGJvYXRzPC9zcGFuPgo8L2E+CjwvZGl2PgoKPGRpdiBjbGFzcz0iYnV0dG9uX3JpZ2h0XzUwIj4KPGEgaHJlZj0iaHR0cHM6Ly9sYXJvY3F1ZS15YWNodGluZy5jb20vZW4vYm9hdC1hZHMvP2Z3cF90eXBlX2RlX2JhdGVhdXg9YmF0ZWF1eC1hLW1vdGV1ciIgY2xhc3M9ImJ1dHRvbl9ib2F0X3JpZ2h0IiB0aXRsZT0iRGlzY292ZXIgb3VyIHVzZWQgbW90b3Jib2F0cyBpbiBMYSBSb2NoZWxsZSIgYWx0PSJVc2VkIG1vdG9yYm9hdHMgbGluayBpbiBMYSBSb2NoZWxsZSI+CjxsYWJlbCBmb3I9ImZ3cF90eXBlX2RlX2JhdGVhdXgiPjxpbWcgc3JjPSIvd3AtY29udGVudC91cGxvYWRzLzIwMTkvMDIvYm9hdC5zdmciIGFsdD0iIiB3aWR0aD0iMzMiPjwvbGFiZWw+CjxzcGFuPk91ciBNb3RvciBib2F0czwvc3Bhbj4KPC9hPgo8L2Rpdj4=[\/vc_raw_html][\/vc_column][\/vc_row][vc_row css_animation=&#8221;&#8221; row_type=&#8221;row&#8221; use_row_as_full_screen_section=&#8221;no&#8221; type=&#8221;grid&#8221; angled_section=&#8221;no&#8221; text_align=&#8221;left&#8221; background_image_as_pattern=&#8221;without_pattern&#8221; bg_type=&#8221;image&#8221; parallax_style=&#8221;vcpb-vz-jquery&#8221; bg_image_new=&#8221;id^1021|url^http:\/\/larocque-yachting.com\/wp-content\/uploads\/2018\/12\/rose-des-vents.jpg|caption^null|alt^null|title^rose-des-vents|description^null&#8221; bg_image_repeat=&#8221;no-repeat&#8221; parallax_content=&#8221;parallax_content_value&#8221; parallax_content_sense=&#8221;20&#8243; fadeout_row=&#8221;fadeout_row_value&#8221; fadeout_start_effect=&#8221;70&#8243; el_class=&#8221;section01_homepage style_home&#8221; z_index=&#8221;&#8221;][vc_column width=&#8221;1\/2&#8243;]<div class=\"ult-animation  ult-animate-viewport  ult-no-mobile \" data-animate=\"fadeInRight\" data-animation-delay=\"0\" data-animation-duration=\"3\" data-animation-iteration=\"1\" style=\"opacity:0;\" data-opacity_start_effect=\"\">[vc_column_text]<\/p>\n<h2>The company<\/h2>\n<p>[\/vc_column_text][vc_separator css_animation=&#8221;none&#8221; type=&#8221;small&#8221; position=&#8221;left&#8221; color=&#8221;#f09442&#8243; width=&#8221;50&#8243;][vc_column_text]<\/p>\n<h3>Larocque Yachting<\/h3>\n<p>[\/vc_column_text][vc_column_text]Established in La Rochelle for over 18 years on Europe&#8217;s largest marina, LAROCQUE YACHTING brokerage manages the acquisition or sale of your boat. By a personalized accompaniment, by our technical expertise and the good knowledge of the market, we guarantee you a transaction in the best conditions.[\/vc_column_text]<a  itemprop=\"url\" href=\"https:\/\/larocque-yachting.com\/fr\/notre-societe\/\" target=\"_self\" data-hover-background-color=#f09442 data-hover-border-color=#f09442 data-hover-color=#ffffff class=\"qbutton  medium default button_larocque\" style=\"color: #f09442; border-color: #f09442; background-color: #ffffff;\">LEARN MORE<\/a><\/div>[\/vc_column][vc_column width=&#8221;1\/2&#8243;]<div class=\"ult-animation  ult-animate-viewport  ult-no-mobile \" data-animate=\"fadeInLeft\" data-animation-delay=\"0\" data-animation-duration=\"3\" data-animation-iteration=\"1\" style=\"opacity:0;\" data-opacity_start_effect=\"\">[vc_single_image image=&#8221;2554&#8243; img_size=&#8221;full&#8221; qode_css_animation=&#8221;&#8221;]<\/div>[\/vc_column][\/vc_row][vc_row css_animation=&#8221;&#8221; row_type=&#8221;row&#8221; use_row_as_full_screen_section=&#8221;no&#8221; type=&#8221;full_width&#8221; angled_section=&#8221;no&#8221; text_align=&#8221;left&#8221; background_image_as_pattern=&#8221;without_pattern&#8221; background_color=&#8221;#ededed&#8221; z_index=&#8221;&#8221;][vc_column][vc_row_inner row_type=&#8221;row&#8221; type=&#8221;grid&#8221; text_align=&#8221;left&#8221; css_animation=&#8221;&#8221; el_class=&#8221;section02_homepage style_home&#8221;][vc_column_inner width=&#8221;1\/2&#8243;]<div class=\"ult-animation  ult-animate-viewport  ult-no-mobile \" data-animate=\"fadeInRight\" data-animation-delay=\"0\" data-animation-duration=\"3\" data-animation-iteration=\"1\" style=\"opacity:0;\" data-opacity_start_effect=\"\">[vc_single_image image=&#8221;2552&#8243; img_size=&#8221;full&#8221; qode_css_animation=&#8221;&#8221; css=&#8221;.vc_custom_1548193418834{padding-right: 80px !important;}&#8221;]<\/div>[\/vc_column_inner][vc_column_inner width=&#8221;1\/2&#8243;]<div class=\"ult-animation  ult-animate-viewport  ult-no-mobile \" data-animate=\"fadeInLeft\" data-animation-delay=\"0\" data-animation-duration=\"3\" data-animation-iteration=\"1\" style=\"opacity:0;\" data-opacity_start_effect=\"\">[vc_column_text]<\/p>\n<h2>Acquire<\/h2>\n<p>[\/vc_column_text][vc_separator css_animation=&#8221;none&#8221; type=&#8221;small&#8221; position=&#8221;left&#8221; color=&#8221;#f09442&#8243; width=&#8221;50&#8243;][vc_column_text]<\/p>\n<h3>The Boat of your dreams<\/h3>\n<p>[\/vc_column_text][vc_column_text]Be assured that you have the best accompaniment at your side, to guide you and take charge of each step towards the purchase of the boat that suits you.[\/vc_column_text]<a  itemprop=\"url\" href=\"https:\/\/larocque-yachting.com\/fr\/annonces-bateaux\/\" target=\"_self\" data-hover-background-color=#f09442 data-hover-border-color=#f09442 data-hover-color=#ffffff class=\"qbutton  medium default button_larocque\" style=\"color: #f09442; border-color: #f09442; background-color: #ededed;\">See Ads<\/a><\/div>[\/vc_column_inner][\/vc_row_inner][\/vc_column][\/vc_row][vc_row css_animation=&#8221;&#8221; row_type=&#8221;row&#8221; use_row_as_full_screen_section=&#8221;no&#8221; type=&#8221;grid&#8221; angled_section=&#8221;no&#8221; text_align=&#8221;left&#8221; background_image=&#8221;994&#8243; background_image_as_pattern=&#8221;without_pattern&#8221; bg_type=&#8221;image&#8221; parallax_style=&#8221;vcpb-vz-jquery&#8221; bg_image_new=&#8221;id^1021|url^http:\/\/larocque-yachting.com\/wp-content\/uploads\/2018\/12\/rose-des-vents.jpg|caption^null|alt^null|title^rose-des-vents|description^null&#8221; bg_override=&#8221;full&#8221; parallax_content=&#8221;parallax_content_value&#8221; parallax_content_sense=&#8221;30&#8243; fadeout_row=&#8221;fadeout_row_value&#8221; fadeout_start_effect=&#8221;70&#8243; el_class=&#8221;section03_homepage style_home&#8221; z_index=&#8221;&#8221;][vc_column width=&#8221;1\/2&#8243;]<div class=\"ult-animation  ult-animate-viewport  ult-no-mobile \" data-animate=\"fadeInRight\" data-animation-delay=\"0\" data-animation-duration=\"3\" data-animation-iteration=\"1\" style=\"opacity:0;\" data-opacity_start_effect=\"\">[vc_column_text]<\/p>\n<h2>Sell<\/h2>\n<p>[\/vc_column_text][vc_separator css_animation=&#8221;none&#8221; type=&#8221;small&#8221; position=&#8221;left&#8221; color=&#8221;#f09442&#8243; width=&#8221;50&#8243;][vc_column_text]<\/p>\n<h3>Your boat at the best price<\/h3>\n<p>[\/vc_column_text][vc_column_text]The international visibility of Larocque yachting to which is added our large network of buyers customers guarantees you an optimum sale and as soon as possible.[\/vc_column_text]<a  itemprop=\"url\" href=\"https:\/\/larocque-yachting.com\/fr\/vendre-son-bateau\/\" target=\"_self\" data-hover-background-color=#f09442 data-hover-border-color=#f09442 data-hover-color=#ffffff class=\"qbutton  medium default button_larocque\" style=\"color: #f09442; border-color: #f09442; background-color: #ffffff;\">Learn more about the<\/a><\/div>[\/vc_column][vc_column width=&#8221;1\/2&#8243;]<div class=\"ult-animation  ult-animate-viewport  ult-no-mobile \" data-animate=\"fadeInLeft\" data-animation-delay=\"0\" data-animation-duration=\"3\" data-animation-iteration=\"1\" style=\"opacity:0;\" data-opacity_start_effect=\"\">[vc_single_image image=&#8221;2550&#8243; img_size=&#8221;full&#8221; alignment=&#8221;right&#8221; qode_css_animation=&#8221;&#8221;]<\/div>[\/vc_column][\/vc_row]<\/p>\n<\/div>","protected":false},"excerpt":{"rendered":"<p>[vc_row css_animation=&#8221;&#8221; row_type=&#8221;row&#8221; use_row_as_full_screen_section=&#8221;no&#8221; type=&#8221;full_width&#8221; angled_section=&#8221;no&#8221; text_align=&#8221;left&#8221; background_image_as_pattern=&#8221;without_pattern&#8221; z_index=&#8221;998&#8243; el_class=&#8221;slider_home_desktop&#8221;][vc_column][rev_slider_vc alias=&#8221;Delarocque-Yachting&#8221;][\/vc_column][\/vc_row][vc_row css_animation=&#8221;&#8221; row_type=&#8221;row&#8221; use_row_as_full_screen_section=&#8221;no&#8221; type=&#8221;grid&#8221; angled_section=&#8221;no&#8221; text_align=&#8221;center&#8221; background_image_as_pattern=&#8221;without_pattern&#8221; z_index=&#8221;999&#8243; css=&#8221;.vc_custom_1544546889636{background-image: url(http:\/\/bridge224.qodeinteractive.com\/wp-content\/uploads\/2018\/04\/home-background-1-1.png?id=147) !important;background-position: center !important;background-repeat: no-repeat !important;background-size: cover !important;}&#8221; el_class=&#8221;filtre_boat&#8221;][vc_column css=&#8221;.vc_custom_1545208872063{margin-top: -45px !important;}&#8221;][vc_raw_html el_class=&#8221;acff_filtre_bateaux&#8221;]PGRpdiBjbGFzcz0iYnV0dG9uX2xlZnRfNTAiPgo8YSBocmVmPSJodHRwczovL2xhcm9jcXVlLXlhY2h0aW5nLmNvbS9lbi9ib2F0LWFkcy8\/ZndwX3R5cGVfZGVfYmF0ZWF1eD12b2lsaWVycyIgY2xhc3M9ImJ1dHRvbl9ib2F0X2xlZnQiIHRpdGxlPSJEaXNjb3ZlciBvdXIgdXNlZCBzYWlsYm9hdHMgaW4gTGEgUm9jaGVsbGUiIGFsdD0iTGluayBzYWlsYm9hdHMgdXNlZCBpbiBMYSBSb2NoZWxsZSI+CjxsYWJlbCBmb3I9ImZ3cF90eXBlX2RlX2JhdGVhdXgiPjxpbWcgc3JjPSIvd3AtY29udGVudC91cGxvYWRzLzIwMTkvMDIveWFjaHQuc3ZnIiBhbHQ9IiIgd2lkdGg9IjI4Ij48L2xhYmVsPgo8c3Bhbj5PdXIgc2FpbGJvYXRzPC9zcGFuPgo8L2E+CjwvZGl2PgoKPGRpdiBjbGFzcz0iYnV0dG9uX3JpZ2h0XzUwIj4KPGEgaHJlZj0iaHR0cHM6Ly9sYXJvY3F1ZS15YWNodGluZy5jb20vZW4vYm9hdC1hZHMvP2Z3cF90eXBlX2RlX2JhdGVhdXg9YmF0ZWF1eC1hLW1vdGV1ciIgY2xhc3M9ImJ1dHRvbl9ib2F0X3JpZ2h0IiB0aXRsZT0iRGlzY292ZXIgb3VyIHVzZWQgbW90b3Jib2F0cyBpbiBMYSBSb2NoZWxsZSIgYWx0PSJVc2VkIG1vdG9yYm9hdHMgbGluayBpbiBMYSBSb2NoZWxsZSI+CjxsYWJlbCBmb3I9ImZ3cF90eXBlX2RlX2JhdGVhdXgiPjxpbWcgc3JjPSIvd3AtY29udGVudC91cGxvYWRzLzIwMTkvMDIvYm9hdC5zdmciIGFsdD0iIiB3aWR0aD0iMzMiPjwvbGFiZWw+CjxzcGFuPk91ciBNb3RvciBib2F0czwvc3Bhbj4KPC9hPgo8L2Rpdj4=[\/vc_raw_html][\/vc_column][\/vc_row][vc_row css_animation=&#8221;&#8221; row_type=&#8221;row&#8221; use_row_as_full_screen_section=&#8221;no&#8221; type=&#8221;grid&#8221; angled_section=&#8221;no&#8221; text_align=&#8221;left&#8221; background_image_as_pattern=&#8221;without_pattern&#8221; bg_type=&#8221;image&#8221; parallax_style=&#8221;vcpb-vz-jquery&#8221; bg_image_new=&#8221;id^1021|url^http:\/\/larocque-yachting.com\/wp-content\/uploads\/2018\/12\/rose-des-vents.jpg|caption^null|alt^null|title^rose-des-vents|description^null&#8221; bg_image_repeat=&#8221;no-repeat&#8221; parallax_content=&#8221;parallax_content_value&#8221;&#8230;<\/p>\n","protected":false},"author":1,"featured_media":0,"parent":0,"menu_order":0,"comment_status":"closed","ping_status":"closed","template":"full_width.php","meta":{"_acf_changed":false,"footnotes":""},"class_list":["post-2549","page","type-page","status-publish","hentry"],"acf":[],"yoast_head":"<!-- This site is optimized with the Yoast SEO plugin v27.2 - https:\/\/yoast.com\/product\/yoast-seo-wordpress\/ -->\n<title>Larocque Yachting | Used sailboats and motorboats in La Rochelle<\/title>\n<meta name=\"description\" content=\"Sale of used sailboats and motorboats in La Rochelle. Larocque Yachting, brokerage company located in La Rochelle.\" \/>\n<meta name=\"robots\" content=\"index, follow, max-snippet:-1, max-image-preview:large, max-video-preview:-1\" \/>\n<link rel=\"canonical\" href=\"https:\/\/larocque-yachting.com\/en\/\" \/>\n<meta property=\"og:locale\" content=\"en_US\" \/>\n<meta property=\"og:type\" content=\"article\" \/>\n<meta property=\"og:title\" content=\"Larocque Yachting | Used sailboats and motorboats in La Rochelle\" \/>\n<meta property=\"og:description\" content=\"Sale of used sailboats and motorboats in La Rochelle. Larocque Yachting, brokerage company located in La Rochelle.\" \/>\n<meta property=\"og:url\" content=\"https:\/\/larocque-yachting.com\/en\/\" \/>\n<meta property=\"og:site_name\" content=\"Larocque Yachting\" \/>\n<meta property=\"article:publisher\" content=\"https:\/\/fr-fr.facebook.com\/LAROCQUEYACHTING\/\" \/>\n<meta property=\"article:modified_time\" content=\"2024-10-29T09:05:12+00:00\" \/>\n<meta name=\"twitter:card\" content=\"summary_large_image\" \/>\n<meta name=\"twitter:label1\" content=\"Est. reading time\" \/>\n\t<meta name=\"twitter:data1\" content=\"2 minutes\" \/>\n<script type=\"application\/ld+json\" class=\"yoast-schema-graph\">{\"@context\":\"https:\/\/schema.org\",\"@graph\":[{\"@type\":\"WebPage\",\"@id\":\"https:\/\/larocque-yachting.com\/en\/\",\"url\":\"https:\/\/larocque-yachting.com\/en\/\",\"name\":\"Larocque Yachting | Used sailboats and motorboats in La Rochelle\",\"isPartOf\":{\"@id\":\"https:\/\/larocque-yachting.com\/fr\/#website\"},\"datePublished\":\"2019-03-14T15:57:59+00:00\",\"dateModified\":\"2024-10-29T09:05:12+00:00\",\"description\":\"Sale of used sailboats and motorboats in La Rochelle. Larocque Yachting, brokerage company located in La Rochelle.\",\"breadcrumb\":{\"@id\":\"https:\/\/larocque-yachting.com\/en\/#breadcrumb\"},\"inLanguage\":\"en-US\",\"potentialAction\":[{\"@type\":\"ReadAction\",\"target\":[\"https:\/\/larocque-yachting.com\/en\/\"]}]},{\"@type\":\"BreadcrumbList\",\"@id\":\"https:\/\/larocque-yachting.com\/en\/#breadcrumb\",\"itemListElement\":[{\"@type\":\"ListItem\",\"position\":1,\"name\":\"Accueil\",\"item\":\"https:\/\/larocque-yachting.com\/en\/\"},{\"@type\":\"ListItem\",\"position\":2,\"name\":\"Second-hand boats in La Rochelle\"}]},{\"@type\":\"WebSite\",\"@id\":\"https:\/\/larocque-yachting.com\/fr\/#website\",\"url\":\"https:\/\/larocque-yachting.com\/fr\/\",\"name\":\"Larocque Yachting\",\"description\":\"Soci\u00e9t\u00e9 de courtage de bateaux de plaisances situ\u00e9e sur le port des Minimes \u00e0 La Rochelle.\",\"publisher\":{\"@id\":\"https:\/\/larocque-yachting.com\/fr\/#organization\"},\"potentialAction\":[{\"@type\":\"SearchAction\",\"target\":{\"@type\":\"EntryPoint\",\"urlTemplate\":\"https:\/\/larocque-yachting.com\/fr\/?s={search_term_string}\"},\"query-input\":{\"@type\":\"PropertyValueSpecification\",\"valueRequired\":true,\"valueName\":\"search_term_string\"}}],\"inLanguage\":\"en-US\"},{\"@type\":\"Organization\",\"@id\":\"https:\/\/larocque-yachting.com\/fr\/#organization\",\"name\":\"Larocque Yachting\",\"url\":\"https:\/\/larocque-yachting.com\/fr\/\",\"logo\":{\"@type\":\"ImageObject\",\"inLanguage\":\"en-US\",\"@id\":\"https:\/\/larocque-yachting.com\/fr\/#\/schema\/logo\/image\/\",\"url\":\"https:\/\/larocque-yachting.com\/wp-content\/uploads\/2018\/04\/logo-larocque-yachting-courtage-footer.png\",\"contentUrl\":\"https:\/\/larocque-yachting.com\/wp-content\/uploads\/2018\/04\/logo-larocque-yachting-courtage-footer.png\",\"width\":90,\"height\":106,\"caption\":\"Larocque Yachting\"},\"image\":{\"@id\":\"https:\/\/larocque-yachting.com\/fr\/#\/schema\/logo\/image\/\"},\"sameAs\":[\"https:\/\/fr-fr.facebook.com\/LAROCQUEYACHTING\/\"]}]}<\/script>\n<!-- \/ Yoast SEO plugin. -->","yoast_head_json":{"title":"Larocque Yachting | Used sailboats and motorboats in La Rochelle","description":"Sale of used sailboats and motorboats in La Rochelle. Larocque Yachting, brokerage company located in La Rochelle.","robots":{"index":"index","follow":"follow","max-snippet":"max-snippet:-1","max-image-preview":"max-image-preview:large","max-video-preview":"max-video-preview:-1"},"canonical":"https:\/\/larocque-yachting.com\/en\/","og_locale":"en_US","og_type":"article","og_title":"Larocque Yachting | Used sailboats and motorboats in La Rochelle","og_description":"Sale of used sailboats and motorboats in La Rochelle. Larocque Yachting, brokerage company located in La Rochelle.","og_url":"https:\/\/larocque-yachting.com\/en\/","og_site_name":"Larocque Yachting","article_publisher":"https:\/\/fr-fr.facebook.com\/LAROCQUEYACHTING\/","article_modified_time":"2024-10-29T09:05:12+00:00","twitter_card":"summary_large_image","twitter_misc":{"Est. reading time":"2 minutes"},"schema":{"@context":"https:\/\/schema.org","@graph":[{"@type":"WebPage","@id":"https:\/\/larocque-yachting.com\/en\/","url":"https:\/\/larocque-yachting.com\/en\/","name":"Larocque Yachting | Used sailboats and motorboats in La Rochelle","isPartOf":{"@id":"https:\/\/larocque-yachting.com\/fr\/#website"},"datePublished":"2019-03-14T15:57:59+00:00","dateModified":"2024-10-29T09:05:12+00:00","description":"Sale of used sailboats and motorboats in La Rochelle. Larocque Yachting, brokerage company located in La Rochelle.","breadcrumb":{"@id":"https:\/\/larocque-yachting.com\/en\/#breadcrumb"},"inLanguage":"en-US","potentialAction":[{"@type":"ReadAction","target":["https:\/\/larocque-yachting.com\/en\/"]}]},{"@type":"BreadcrumbList","@id":"https:\/\/larocque-yachting.com\/en\/#breadcrumb","itemListElement":[{"@type":"ListItem","position":1,"name":"Accueil","item":"https:\/\/larocque-yachting.com\/en\/"},{"@type":"ListItem","position":2,"name":"Second-hand boats in La Rochelle"}]},{"@type":"WebSite","@id":"https:\/\/larocque-yachting.com\/fr\/#website","url":"https:\/\/larocque-yachting.com\/fr\/","name":"Larocque Yachting","description":"Soci\u00e9t\u00e9 de courtage de bateaux de plaisances situ\u00e9e sur le port des Minimes \u00e0 La Rochelle.","publisher":{"@id":"https:\/\/larocque-yachting.com\/fr\/#organization"},"potentialAction":[{"@type":"SearchAction","target":{"@type":"EntryPoint","urlTemplate":"https:\/\/larocque-yachting.com\/fr\/?s={search_term_string}"},"query-input":{"@type":"PropertyValueSpecification","valueRequired":true,"valueName":"search_term_string"}}],"inLanguage":"en-US"},{"@type":"Organization","@id":"https:\/\/larocque-yachting.com\/fr\/#organization","name":"Larocque Yachting","url":"https:\/\/larocque-yachting.com\/fr\/","logo":{"@type":"ImageObject","inLanguage":"en-US","@id":"https:\/\/larocque-yachting.com\/fr\/#\/schema\/logo\/image\/","url":"https:\/\/larocque-yachting.com\/wp-content\/uploads\/2018\/04\/logo-larocque-yachting-courtage-footer.png","contentUrl":"https:\/\/larocque-yachting.com\/wp-content\/uploads\/2018\/04\/logo-larocque-yachting-courtage-footer.png","width":90,"height":106,"caption":"Larocque Yachting"},"image":{"@id":"https:\/\/larocque-yachting.com\/fr\/#\/schema\/logo\/image\/"},"sameAs":["https:\/\/fr-fr.facebook.com\/LAROCQUEYACHTING\/"]}]}},"_links":{"self":[{"href":"https:\/\/larocque-yachting.com\/en\/wp-json\/wp\/v2\/pages\/2549","targetHints":{"allow":["GET"]}}],"collection":[{"href":"https:\/\/larocque-yachting.com\/en\/wp-json\/wp\/v2\/pages"}],"about":[{"href":"https:\/\/larocque-yachting.com\/en\/wp-json\/wp\/v2\/types\/page"}],"author":[{"embeddable":true,"href":"https:\/\/larocque-yachting.com\/en\/wp-json\/wp\/v2\/users\/1"}],"replies":[{"embeddable":true,"href":"https:\/\/larocque-yachting.com\/en\/wp-json\/wp\/v2\/comments?post=2549"}],"version-history":[{"count":6,"href":"https:\/\/larocque-yachting.com\/en\/wp-json\/wp\/v2\/pages\/2549\/revisions"}],"predecessor-version":[{"id":46622,"href":"https:\/\/larocque-yachting.com\/en\/wp-json\/wp\/v2\/pages\/2549\/revisions\/46622"}],"wp:attachment":[{"href":"https:\/\/larocque-yachting.com\/en\/wp-json\/wp\/v2\/media?parent=2549"}],"curies":[{"name":"wp","href":"https:\/\/api.w.org\/{rel}","templated":true}]}}